{"id":495,"date":"2024-09-12T16:39:22","date_gmt":"2024-09-12T14:39:22","guid":{"rendered":"https:\/\/euziere.fr\/?page_id=495"},"modified":"2026-03-12T15:36:54","modified_gmt":"2026-03-12T14:36:54","slug":"editions_ecologistes_euziere_naturaliste_biodiversite","status":"publish","type":"page","link":"https:\/\/www.euziere.fr\/index.php\/editions_ecologistes_euziere_naturaliste_biodiversite\/","title":{"rendered":"Maison d&rsquo;\u00e9ditions"},"content":{"rendered":"\n\n\n\n\n\n\n\n\n\n\n\n\n\n\n\n\n\n\n\n\n\n\n\n\n\n\n\n\n\n\n\n\n\n","protected":false},"excerpt":{"rendered":"","protected":false},"author":1,"featured_media":2049,"parent":0,"menu_order":0,"comment_status":"closed","ping_status":"closed","template":"full-width","meta":{"saved_in_kubio":true,"_seopress_robots_primary_cat":"","_seopress_titles_title":"Nos ouvrages naturalistes - \u00c9ditions \u00c9cologistes Euzi\u00e8re %%sep%%","_seopress_titles_desc":"Retrouvez sur notre boutique en ligne nos publications p\u00e9dagogiques ouvertes au plus grand nombre. Bas\u00e9es sur 50 ans d'exp\u00e9riences sur le terrain consacr\u00e9es aux expertises naturalistes et \u00e0 la rencontre des curieux de nature.","_seopress_robots_index":"","footnotes":""},"class_list":["post-495","page","type-page","status-publish","has-post-thumbnail","hentry"],"kubio_ai_page_context":{"short_desc":"","purpose":"general"},"_links":{"self":[{"href":"https:\/\/www.euziere.fr\/index.php\/wp-json\/wp\/v2\/pages\/495","targetHints":{"allow":["GET"]}}],"collection":[{"href":"https:\/\/www.euziere.fr\/index.php\/wp-json\/wp\/v2\/pages"}],"about":[{"href":"https:\/\/www.euziere.fr\/index.php\/wp-json\/wp\/v2\/types\/page"}],"author":[{"embeddable":true,"href":"https:\/\/www.euziere.fr\/index.php\/wp-json\/wp\/v2\/users\/1"}],"replies":[{"embeddable":true,"href":"https:\/\/www.euziere.fr\/index.php\/wp-json\/wp\/v2\/comments?post=495"}],"version-history":[{"count":62,"href":"https:\/\/www.euziere.fr\/index.php\/wp-json\/wp\/v2\/pages\/495\/revisions"}],"predecessor-version":[{"id":3454,"href":"https:\/\/www.euziere.fr\/index.php\/wp-json\/wp\/v2\/pages\/495\/revisions\/3454"}],"wp:featuredmedia":[{"embeddable":true,"href":"https:\/\/www.euziere.fr\/index.php\/wp-json\/wp\/v2\/media\/2049"}],"wp:attachment":[{"href":"https:\/\/www.euziere.fr\/index.php\/wp-json\/wp\/v2\/media?parent=495"}],"curies":[{"name":"wp","href":"https:\/\/api.w.org\/{rel}","templated":true}]}}